{"id":5453,"date":"2022-11-20T19:29:22","date_gmt":"2022-11-20T18:29:22","guid":{"rendered":"https:\/\/vagan.webexperts.me\/?page_id=5453"},"modified":"2022-11-27T15:22:28","modified_gmt":"2022-11-27T14:22:28","slug":"dorucak","status":"publish","type":"page","link":"https:\/\/www.vaganrestaurant.me\/en\/dorucak\/","title":{"rendered":"Breakfast"},"content":{"rendered":"<div data-elementor-type=\"wp-page\" data-elementor-id=\"5453\" class=\"elementor elementor-5453\">\n\t\t\t\t\t\t\t\t\t<section class=\"elementor-section elementor-top-section elementor-element elementor-element-390774f elementor-section-boxed elementor-section-height-default elementor-section-height-default\" data-id=\"390774f\" data-element_type=\"section\" data-settings=\"{&quot;background_background&quot;:&quot;classic&quot;,&quot;grandrestaurant_ext_is_background_on_scroll&quot;:&quot;false&quot;}\">\n\t\t\t\t\t\t<div class=\"elementor-container elementor-column-gap-default\">\n\t\t\t\t\t<div class=\"elementor-column elementor-col-50 elementor-top-column elementor-element elementor-element-e17ac2e\" data-id=\"e17ac2e\" data-element_type=\"column\" data-settings=\"{&quot;grandrestaurant_ext_link_reservation&quot;:&quot;false&quot;,&quot;grandrestaurant_ext_link_sidemenu&quot;:&quot;false&quot;,&quot;grandrestaurant_ext_link_fullmenu&quot;:&quot;false&quot;,&quot;grandrestaurant_ext_link_closed_fullmenu&quot;:&quot;false&quot;,&quot;grandrestaurant_ext_is_scrollme&quot;:&quot;false&quot;,&quot;grandrestaurant_ext_is_smoove&quot;:&quot;false&quot;,&quot;grandrestaurant_ext_is_parallax_mouse&quot;:&quot;false&quot;,&quot;grandrestaurant_ext_is_infinite&quot;:&quot;false&quot;,&quot;grandrestaurant_ext_is_fadeout_animation&quot;:&quot;false&quot;,&quot;grandrestaurant_ext_mobile_static&quot;:&quot;false&quot;}\">\n\t\t\t<div class=\"elementor-widget-wrap elementor-element-populated\">\n\t\t\t\t\t\t\t\t<section class=\"elementor-section elementor-inner-section elementor-element elementor-element-4c09e9db elementor-section-boxed elementor-section-height-default elementor-section-height-default\" data-id=\"4c09e9db\" data-element_type=\"section\" data-settings=\"{&quot;background_background&quot;:&quot;classic&quot;,&quot;grandrestaurant_ext_is_background_parallax&quot;:&quot;false&quot;,&quot;grandrestaurant_ext_is_background_backdrop&quot;:&quot;false&quot;,&quot;grandrestaurant_ext_is_background_on_scroll&quot;:&quot;false&quot;}\">\n\t\t\t\t\t\t<div class=\"elementor-container elementor-column-gap-default\">\n\t\t\t\t\t<div class=\"elementor-column elementor-col-100 elementor-inner-column elementor-element elementor-element-39c87be2\" data-id=\"39c87be2\" data-element_type=\"column\" data-settings=\"{&quot;grandrestaurant_ext_is_smoove&quot;:&quot;true&quot;,&quot;grandrestaurant_ext_smoove_disable&quot;:&quot;769&quot;,&quot;grandrestaurant_ext_smoove_duration&quot;:1000,&quot;grandrestaurant_ext_smoove_translatey&quot;:{&quot;unit&quot;:&quot;px&quot;,&quot;size&quot;:40,&quot;sizes&quot;:[]},&quot;grandrestaurant_ext_link_reservation&quot;:&quot;false&quot;,&quot;grandrestaurant_ext_link_sidemenu&quot;:&quot;false&quot;,&quot;grandrestaurant_ext_link_fullmenu&quot;:&quot;false&quot;,&quot;grandrestaurant_ext_link_closed_fullmenu&quot;:&quot;false&quot;,&quot;grandrestaurant_ext_is_scrollme&quot;:&quot;false&quot;,&quot;grandrestaurant_ext_smoove_scalex&quot;:{&quot;unit&quot;:&quot;px&quot;,&quot;size&quot;:1,&quot;sizes&quot;:[]},&quot;grandrestaurant_ext_smoove_scaley&quot;:{&quot;unit&quot;:&quot;px&quot;,&quot;size&quot;:1,&quot;sizes&quot;:[]},&quot;grandrestaurant_ext_smoove_rotatex&quot;:{&quot;unit&quot;:&quot;px&quot;,&quot;size&quot;:0,&quot;sizes&quot;:[]},&quot;grandrestaurant_ext_smoove_rotatey&quot;:{&quot;unit&quot;:&quot;px&quot;,&quot;size&quot;:0,&quot;sizes&quot;:[]},&quot;grandrestaurant_ext_smoove_rotatez&quot;:{&quot;unit&quot;:&quot;px&quot;,&quot;size&quot;:0,&quot;sizes&quot;:[]},&quot;grandrestaurant_ext_smoove_translatex&quot;:{&quot;unit&quot;:&quot;px&quot;,&quot;size&quot;:0,&quot;sizes&quot;:[]},&quot;grandrestaurant_ext_smoove_translatez&quot;:{&quot;unit&quot;:&quot;px&quot;,&quot;size&quot;:0,&quot;sizes&quot;:[]},&quot;grandrestaurant_ext_smoove_skewx&quot;:{&quot;unit&quot;:&quot;px&quot;,&quot;size&quot;:0,&quot;sizes&quot;:[]},&quot;grandrestaurant_ext_smoove_skewy&quot;:{&quot;unit&quot;:&quot;px&quot;,&quot;size&quot;:0,&quot;sizes&quot;:[]},&quot;grandrestaurant_ext_smoove_perspective&quot;:{&quot;unit&quot;:&quot;px&quot;,&quot;size&quot;:1000,&quot;sizes&quot;:[]},&quot;grandrestaurant_ext_is_parallax_mouse&quot;:&quot;false&quot;,&quot;grandrestaurant_ext_is_infinite&quot;:&quot;false&quot;,&quot;grandrestaurant_ext_is_fadeout_animation&quot;:&quot;false&quot;,&quot;grandrestaurant_ext_mobile_static&quot;:&quot;false&quot;}\">\n\t\t\t<div class=\"elementor-widget-wrap elementor-element-populated\">\n\t\t\t\t\t\t\t\t<div class=\"elementor-element elementor-element-69b4a94b elementor-widget__width-auto elementor-widget elementor-widget-heading\" data-id=\"69b4a94b\" data-element_type=\"widget\" data-settings=\"{&quot;grandrestaurant_ext_link_reservation&quot;:&quot;false&quot;,&quot;grandrestaurant_ext_link_sidemenu&quot;:&quot;false&quot;,&quot;grandrestaurant_ext_link_fullmenu&quot;:&quot;false&quot;,&quot;grandrestaurant_ext_link_closed_fullmenu&quot;:&quot;false&quot;,&quot;grandrestaurant_ext_is_scrollme&quot;:&quot;false&quot;,&quot;grandrestaurant_ext_is_smoove&quot;:&quot;false&quot;,&quot;grandrestaurant_ext_is_parallax_mouse&quot;:&quot;false&quot;,&quot;grandrestaurant_ext_is_infinite&quot;:&quot;false&quot;,&quot;grandrestaurant_ext_is_fadeout_animation&quot;:&quot;false&quot;,&quot;grandrestaurant_ext_mobile_static&quot;:&quot;false&quot;}\" data-widget_type=\"heading.default\">\n\t\t\t\t<div class=\"elementor-widget-container\">\n\t\t\t<style>\/*! elementor - v3.7.8 - 02-10-2022 *\/\n.elementor-heading-title{padding:0;margin:0;line-height:1}.elementor-widget-heading .elementor-heading-title[class*=elementor-size-]>a{color:inherit;font-size:inherit;line-height:inherit}.elementor-widget-heading .elementor-heading-title.elementor-size-small{font-size:15px}.elementor-widget-heading .elementor-heading-title.elementor-size-medium{font-size:19px}.elementor-widget-heading .elementor-heading-title.elementor-size-large{font-size:29px}.elementor-widget-heading .elementor-heading-title.elementor-size-xl{font-size:39px}.elementor-widget-heading .elementor-heading-title.elementor-size-xxl{font-size:59px}<\/style><h2 class=\"elementor-heading-title elementor-size-default\">Breakfast<\/h2>\t\t<\/div>\n\t\t\t\t<\/div>\n\t\t\t\t<div class=\"elementor-element elementor-element-41df81fb elementor-widget elementor-widget-grandrestaurant-classic-food-menu\" data-id=\"41df81fb\" data-element_type=\"widget\" data-settings=\"{&quot;grandrestaurant_ext_link_reservation&quot;:&quot;false&quot;,&quot;grandrestaurant_ext_link_sidemenu&quot;:&quot;false&quot;,&quot;grandrestaurant_ext_link_fullmenu&quot;:&quot;false&quot;,&quot;grandrestaurant_ext_link_closed_fullmenu&quot;:&quot;false&quot;,&quot;grandrestaurant_ext_is_scrollme&quot;:&quot;false&quot;,&quot;grandrestaurant_ext_is_smoove&quot;:&quot;false&quot;,&quot;grandrestaurant_ext_is_parallax_mouse&quot;:&quot;false&quot;,&quot;grandrestaurant_ext_is_infinite&quot;:&quot;false&quot;,&quot;grandrestaurant_ext_is_fadeout_animation&quot;:&quot;false&quot;,&quot;grandrestaurant_ext_mobile_static&quot;:&quot;false&quot;}\" data-widget_type=\"grandrestaurant-classic-food-menu.default\">\n\t\t\t\t<div class=\"elementor-widget-container\">\n\t\t\t<div  class=\"one\" style=\"padding:0px 0 0px 0;\" ><div class=\"standard_wrapper\"><div class=\"page_content_wrapper\"><div class=\"inner\"><div class=\"one\">\n\t\t\t    <div id=\"menu_10027\" class=\"menu_content_classic\"><h5 class=\"menu_post\">\n\t\t        \t<span class=\"menu_title\">Spinach pie 250g<\/span>\n\t\t        \t<span class=\"menu_dots\"><\/span><span class=\"menu_price\">5.5\u20ac<\/span><\/h5>\n\t\t        <div class=\"post_detail menu_excerpt\">Spinach pie 250g<\/div><\/div><\/div><div class=\"one\">\n\t\t\t    <div id=\"menu_10032\" class=\"menu_content_classic\"><h5 class=\"menu_post\">\n\t\t        \t<span class=\"menu_title\">Homemade fried eggs with prosciutto 250g<\/span>\n\t\t        \t<span class=\"menu_dots\"><\/span><span class=\"menu_price\">6.4\u20ac<\/span><\/h5>\n\t\t        <div class=\"post_detail menu_excerpt\">Homemade fried eggs with prosciutto 250g<\/div><\/div><\/div><div class=\"one\">\n\t\t\t    <div id=\"menu_10029\" class=\"menu_content_classic\"><h5 class=\"menu_post\">\n\t\t        \t<span class=\"menu_title\">Fritters 200g<\/span>\n\t\t        \t<span class=\"menu_dots\"><\/span><span class=\"menu_price\">3.8\u20ac<\/span><\/h5>\n\t\t        <div class=\"post_detail menu_excerpt\">Fritters 200g<\/div><\/div><\/div><div class=\"one\">\n\t\t\t    <div id=\"menu_10034\" class=\"menu_content_classic\"><h5 class=\"menu_post\">\n\t\t        \t<span class=\"menu_title\">Scrambled eggs with cheese 250g<\/span>\n\t\t        \t<span class=\"menu_dots\"><\/span><span class=\"menu_price\">5.5\u20ac<\/span><\/h5>\n\t\t        <div class=\"post_detail menu_excerpt\">Scrambled eggs with cheese 250g<\/div><\/div><\/div><div class=\"one\">\n\t\t\t    <div id=\"menu_10031\" class=\"menu_content_classic\"><h5 class=\"menu_post\">\n\t\t        \t<span class=\"menu_title\">Homemade fried eggs 3 pieces 200g<\/span>\n\t\t        \t<span class=\"menu_dots\"><\/span><span class=\"menu_price\">4.5\u20ac<\/span><\/h5>\n\t\t        <div class=\"post_detail menu_excerpt\">Homemade fried eggs 3 pieces 200g<\/div><\/div><\/div><div class=\"one\">\n\t\t\t    <div id=\"menu_10036\" class=\"menu_content_classic\"><h5 class=\"menu_post\">\n\t\t        \t<span class=\"menu_title\">Scrambled eggs with prosciutto 250g<\/span>\n\t\t        \t<span class=\"menu_dots\"><\/span><span class=\"menu_price\">6.4\u20ac<\/span><\/h5>\n\t\t        <div class=\"post_detail menu_excerpt\">Scrambled eggs with prosciutto 250g<\/div><\/div><\/div><div class=\"one\">\n\t\t\t    <div id=\"menu_10033\" class=\"menu_content_classic\"><h5 class=\"menu_post\">\n\t\t        \t<span class=\"menu_title\">Homemade fried eggs with bacon 250g<\/span>\n\t\t        \t<span class=\"menu_dots\"><\/span><span class=\"menu_price\">6.2\u20ac<\/span><\/h5>\n\t\t        <div class=\"post_detail menu_excerpt\">Homemade fried eggs with bacon 250g<\/div><\/div><\/div><div class=\"one\">\n\t\t\t    <div id=\"menu_10038\" class=\"menu_content_classic\"><h5 class=\"menu_post\">\n\t\t        \t<span class=\"menu_title\">Popara 400g<\/span>\n\t\t        \t<span class=\"menu_dots\"><\/span><span class=\"menu_price\">7.5\u20ac<\/span><\/h5>\n\t\t        <div class=\"post_detail menu_excerpt\">Popara 400g<\/div><\/div><\/div><div class=\"one\">\n\t\t\t    <div id=\"menu_10035\" class=\"menu_content_classic\"><h5 class=\"menu_post\">\n\t\t        \t<span class=\"menu_title\">Scrambled eggs with seasonal vegetables 250g<\/span>\n\t\t        \t<span class=\"menu_dots\"><\/span><span class=\"menu_price\">6.0\u20ac<\/span><\/h5>\n\t\t        <div class=\"post_detail menu_excerpt\">Scrambled eggs with seasonal vegetables 250g<\/div><\/div><\/div><div class=\"one\">\n\t\t\t    <div id=\"menu_10040\" class=\"menu_content_classic\"><h5 class=\"menu_post\">\n\t\t        \t<span class=\"menu_title\">Salted French toast 300g<\/span>\n\t\t        \t<span class=\"menu_dots\"><\/span><span class=\"menu_price\">4.8\u20ac<\/span><\/h5>\n\t\t        <div class=\"post_detail menu_excerpt\">Salted French toast 300g<\/div><\/div><\/div><div class=\"one\">\n\t\t\t    <div id=\"menu_10037\" class=\"menu_content_classic\"><h5 class=\"menu_post\">\n\t\t        \t<span class=\"menu_title\">Scrambled eggs with bacon 250g<\/span>\n\t\t        \t<span class=\"menu_dots\"><\/span><span class=\"menu_price\">6.2\u20ac<\/span><\/h5>\n\t\t        <div class=\"post_detail menu_excerpt\">Scrambled eggs with bacon 250g<\/div><\/div><\/div><div class=\"one\">\n\t\t\t    <div id=\"menu_10039\" class=\"menu_content_classic\"><h5 class=\"menu_post\">\n\t\t        \t<span class=\"menu_title\">Sweet French Toast 300g<\/span>\n\t\t        \t<span class=\"menu_dots\"><\/span><span class=\"menu_price\">4.8\u20ac<\/span><\/h5>\n\t\t        <div class=\"post_detail menu_excerpt\">Sweet French Toast 300g<\/div><\/div><\/div><div class=\"one\">\n\t\t\t    <div id=\"menu_10041\" class=\"menu_content_classic\"><h5 class=\"menu_post\">\n\t\t        \t<span class=\"menu_title\">Homemade sour milk 2 dl<\/span>\n\t\t        \t<span class=\"menu_dots\"><\/span><span class=\"menu_price\">2.0\u20ac<\/span><\/h5>\n\t\t        <div class=\"post_detail menu_excerpt\">Homemade sour milk 2 dl<\/div><\/div><\/div><div class=\"one\">\n\t\t\t    <div id=\"menu_10026\" class=\"menu_content_classic\"><h5 class=\"menu_post\">\n\t\t        \t<span class=\"menu_title\">Cheese pie 250g<\/span>\n\t\t        \t<span class=\"menu_dots\"><\/span><span class=\"menu_price\">5.5\u20ac<\/span><\/h5>\n\t\t        <div class=\"post_detail menu_excerpt\">Cheese pie 250g<\/div><\/div><\/div><div class=\"one\">\n\t\t\t    <div id=\"menu_10025\" class=\"menu_content_classic\"><h5 class=\"menu_post\">\n\t\t        \t<span class=\"menu_title\">Cicvara 350g<\/span>\n\t\t        \t<span class=\"menu_dots\"><\/span><span class=\"menu_price\">12.0\u20ac<\/span><\/h5>\n\t\t        <div class=\"post_detail menu_excerpt\">Cicvara 400g<\/div><\/div><\/div><div class=\"one\">\n\t\t\t    <div id=\"menu_10028\" class=\"menu_content_classic\"><h5 class=\"menu_post\">\n\t\t        \t<span class=\"menu_title\">Pie with potatoes 250g<\/span>\n\t\t        \t<span class=\"menu_dots\"><\/span><span class=\"menu_price\">5.5\u20ac<\/span><\/h5>\n\t\t        <div class=\"post_detail menu_excerpt\">Pie with potatoes 250g<\/div><\/div><\/div><div class=\"one\">\n\t\t\t    <div id=\"menu_10030\" class=\"menu_content_classic\"><h5 class=\"menu_post\">\n\t\t        \t<span class=\"menu_title\">Vagan breakfast 350g<\/span>\n\t\t        \t<span class=\"menu_dots\"><\/span><span class=\"menu_price\">10.4\u20ac<\/span><\/h5>\n\t\t        <div class=\"post_detail menu_excerpt\">Vagan breakfast 350g<\/div><\/div><\/div><br class=\"clear\"\/><\/div><\/div><\/div><\/div><br class=\"clear\"\/>\t\t<\/div>\n\t\t\t\t<\/div>\n\t\t\t\t\t<\/div>\n\t\t<\/div>\n\t\t\t\t\t\t\t<\/div>\n\t\t<\/section>\n\t\t\t\t\t<\/div>\n\t\t<\/div>\n\t\t\t\t<div class=\"elementor-column elementor-col-50 elementor-top-column elementor-element elementor-element-d81ad61 elementor-hidden-mobile\" data-id=\"d81ad61\" data-element_type=\"column\" data-settings=\"{&quot;grandrestaurant_ext_link_reservation&quot;:&quot;false&quot;,&quot;grandrestaurant_ext_link_sidemenu&quot;:&quot;false&quot;,&quot;grandrestaurant_ext_link_fullmenu&quot;:&quot;false&quot;,&quot;grandrestaurant_ext_link_closed_fullmenu&quot;:&quot;false&quot;,&quot;grandrestaurant_ext_is_scrollme&quot;:&quot;false&quot;,&quot;grandrestaurant_ext_is_parallax_mouse&quot;:&quot;false&quot;,&quot;grandrestaurant_ext_is_infinite&quot;:&quot;false&quot;,&quot;grandrestaurant_ext_is_fadeout_animation&quot;:&quot;false&quot;,&quot;grandrestaurant_ext_mobile_static&quot;:&quot;false&quot;}\">\n\t\t\t<div class=\"elementor-widget-wrap\">\n\t\t\t\t\t\t\t\t\t<\/div>\n\t\t<\/div>\n\t\t\t\t\t\t\t<\/div>\n\t\t<\/section>\n\t\t\t\t\t\t\t<\/div>","protected":false},"excerpt":{"rendered":"<p>Doru\u010dak Pita sa zeljem 300g 3.5eur Pita sa zeljem 300g Pita sa sirom 300g 3.5eur Pita sa sirom 300g Doma\u0107e kisjelo mlijeko 2dl 1.5eur Doma\u0107e kisjelo mlijeko 2dl Cicvara 400g 7.5eur Cicvara 400g Pr\u017eenice slane 300g 3.0eur Pr\u017eenice slane 300g [&hellip;]<\/p>","protected":false},"author":1,"featured_media":0,"parent":0,"menu_order":0,"comment_status":"closed","ping_status":"closed","template":"","meta":{"footnotes":""},"class_list":["post-5453","page","type-page","status-publish","hentry"],"_links":{"self":[{"href":"https:\/\/www.vaganrestaurant.me\/en\/wp-json\/wp\/v2\/pages\/5453","targetHints":{"allow":["GET"]}}],"collection":[{"href":"https:\/\/www.vaganrestaurant.me\/en\/wp-json\/wp\/v2\/pages"}],"about":[{"href":"https:\/\/www.vaganrestaurant.me\/en\/wp-json\/wp\/v2\/types\/page"}],"author":[{"embeddable":true,"href":"https:\/\/www.vaganrestaurant.me\/en\/wp-json\/wp\/v2\/users\/1"}],"replies":[{"embeddable":true,"href":"https:\/\/www.vaganrestaurant.me\/en\/wp-json\/wp\/v2\/comments?post=5453"}],"version-history":[{"count":3,"href":"https:\/\/www.vaganrestaurant.me\/en\/wp-json\/wp\/v2\/pages\/5453\/revisions"}],"predecessor-version":[{"id":8548,"href":"https:\/\/www.vaganrestaurant.me\/en\/wp-json\/wp\/v2\/pages\/5453\/revisions\/8548"}],"wp:attachment":[{"href":"https:\/\/www.vaganrestaurant.me\/en\/wp-json\/wp\/v2\/media?parent=5453"}],"curies":[{"name":"wp","href":"https:\/\/api.w.org\/{rel}","templated":true}]}}