{"id":5577,"date":"2022-11-20T22:26:35","date_gmt":"2022-11-20T21:26:35","guid":{"rendered":"https:\/\/vagan.webexperts.me\/?page_id=5577"},"modified":"2022-11-23T22:06:05","modified_gmt":"2022-11-23T21:06:05","slug":"glavna-jela","status":"publish","type":"page","link":"https:\/\/www.vaganrestaurant.me\/ru\/glavna-jela\/","title":{"rendered":"\u041e\u0441\u043d\u043e\u0432\u043d\u043e\u0435 \u0431\u043b\u044e\u0434\u043e"},"content":{"rendered":"<div data-elementor-type=\"wp-page\" data-elementor-id=\"5577\" class=\"elementor elementor-5577\">\n\t\t\t\t\t\t\t\t\t<section class=\"elementor-section elementor-top-section elementor-element elementor-element-390774f elementor-section-boxed elementor-section-height-default elementor-section-height-default\" data-id=\"390774f\" data-element_type=\"section\" data-settings=\"{&quot;background_background&quot;:&quot;classic&quot;,&quot;grandrestaurant_ext_is_background_on_scroll&quot;:&quot;false&quot;}\">\n\t\t\t\t\t\t<div class=\"elementor-container elementor-column-gap-default\">\n\t\t\t\t\t<div class=\"elementor-column elementor-col-50 elementor-top-column elementor-element elementor-element-e17ac2e\" data-id=\"e17ac2e\" data-element_type=\"column\" data-settings=\"{&quot;grandrestaurant_ext_link_reservation&quot;:&quot;false&quot;,&quot;grandrestaurant_ext_link_sidemenu&quot;:&quot;false&quot;,&quot;grandrestaurant_ext_link_fullmenu&quot;:&quot;false&quot;,&quot;grandrestaurant_ext_link_closed_fullmenu&quot;:&quot;false&quot;,&quot;grandrestaurant_ext_is_scrollme&quot;:&quot;false&quot;,&quot;grandrestaurant_ext_is_smoove&quot;:&quot;false&quot;,&quot;grandrestaurant_ext_is_parallax_mouse&quot;:&quot;false&quot;,&quot;grandrestaurant_ext_is_infinite&quot;:&quot;false&quot;,&quot;grandrestaurant_ext_is_fadeout_animation&quot;:&quot;false&quot;,&quot;grandrestaurant_ext_mobile_static&quot;:&quot;false&quot;}\">\n\t\t\t<div class=\"elementor-widget-wrap elementor-element-populated\">\n\t\t\t\t\t\t\t\t<section class=\"elementor-section elementor-inner-section elementor-element elementor-element-4c09e9db elementor-section-boxed elementor-section-height-default elementor-section-height-default\" data-id=\"4c09e9db\" data-element_type=\"section\" data-settings=\"{&quot;background_background&quot;:&quot;classic&quot;,&quot;grandrestaurant_ext_is_background_parallax&quot;:&quot;false&quot;,&quot;grandrestaurant_ext_is_background_backdrop&quot;:&quot;false&quot;,&quot;grandrestaurant_ext_is_background_on_scroll&quot;:&quot;false&quot;}\">\n\t\t\t\t\t\t<div class=\"elementor-container elementor-column-gap-default\">\n\t\t\t\t\t<div class=\"elementor-column elementor-col-100 elementor-inner-column elementor-element elementor-element-39c87be2\" data-id=\"39c87be2\" data-element_type=\"column\" data-settings=\"{&quot;grandrestaurant_ext_is_smoove&quot;:&quot;true&quot;,&quot;grandrestaurant_ext_smoove_disable&quot;:&quot;769&quot;,&quot;grandrestaurant_ext_smoove_duration&quot;:1000,&quot;grandrestaurant_ext_smoove_translatey&quot;:{&quot;unit&quot;:&quot;px&quot;,&quot;size&quot;:40,&quot;sizes&quot;:[]},&quot;grandrestaurant_ext_link_reservation&quot;:&quot;false&quot;,&quot;grandrestaurant_ext_link_sidemenu&quot;:&quot;false&quot;,&quot;grandrestaurant_ext_link_fullmenu&quot;:&quot;false&quot;,&quot;grandrestaurant_ext_link_closed_fullmenu&quot;:&quot;false&quot;,&quot;grandrestaurant_ext_is_scrollme&quot;:&quot;false&quot;,&quot;grandrestaurant_ext_smoove_scalex&quot;:{&quot;unit&quot;:&quot;px&quot;,&quot;size&quot;:1,&quot;sizes&quot;:[]},&quot;grandrestaurant_ext_smoove_scaley&quot;:{&quot;unit&quot;:&quot;px&quot;,&quot;size&quot;:1,&quot;sizes&quot;:[]},&quot;grandrestaurant_ext_smoove_rotatex&quot;:{&quot;unit&quot;:&quot;px&quot;,&quot;size&quot;:0,&quot;sizes&quot;:[]},&quot;grandrestaurant_ext_smoove_rotatey&quot;:{&quot;unit&quot;:&quot;px&quot;,&quot;size&quot;:0,&quot;sizes&quot;:[]},&quot;grandrestaurant_ext_smoove_rotatez&quot;:{&quot;unit&quot;:&quot;px&quot;,&quot;size&quot;:0,&quot;sizes&quot;:[]},&quot;grandrestaurant_ext_smoove_translatex&quot;:{&quot;unit&quot;:&quot;px&quot;,&quot;size&quot;:0,&quot;sizes&quot;:[]},&quot;grandrestaurant_ext_smoove_translatez&quot;:{&quot;unit&quot;:&quot;px&quot;,&quot;size&quot;:0,&quot;sizes&quot;:[]},&quot;grandrestaurant_ext_smoove_skewx&quot;:{&quot;unit&quot;:&quot;px&quot;,&quot;size&quot;:0,&quot;sizes&quot;:[]},&quot;grandrestaurant_ext_smoove_skewy&quot;:{&quot;unit&quot;:&quot;px&quot;,&quot;size&quot;:0,&quot;sizes&quot;:[]},&quot;grandrestaurant_ext_smoove_perspective&quot;:{&quot;unit&quot;:&quot;px&quot;,&quot;size&quot;:1000,&quot;sizes&quot;:[]},&quot;grandrestaurant_ext_is_parallax_mouse&quot;:&quot;false&quot;,&quot;grandrestaurant_ext_is_infinite&quot;:&quot;false&quot;,&quot;grandrestaurant_ext_is_fadeout_animation&quot;:&quot;false&quot;,&quot;grandrestaurant_ext_mobile_static&quot;:&quot;false&quot;}\">\n\t\t\t<div class=\"elementor-widget-wrap elementor-element-populated\">\n\t\t\t\t\t\t\t\t<div class=\"elementor-element elementor-element-69b4a94b elementor-widget__width-auto elementor-widget elementor-widget-heading\" data-id=\"69b4a94b\" data-element_type=\"widget\" data-settings=\"{&quot;grandrestaurant_ext_link_reservation&quot;:&quot;false&quot;,&quot;grandrestaurant_ext_link_sidemenu&quot;:&quot;false&quot;,&quot;grandrestaurant_ext_link_fullmenu&quot;:&quot;false&quot;,&quot;grandrestaurant_ext_link_closed_fullmenu&quot;:&quot;false&quot;,&quot;grandrestaurant_ext_is_scrollme&quot;:&quot;false&quot;,&quot;grandrestaurant_ext_is_smoove&quot;:&quot;false&quot;,&quot;grandrestaurant_ext_is_parallax_mouse&quot;:&quot;false&quot;,&quot;grandrestaurant_ext_is_infinite&quot;:&quot;false&quot;,&quot;grandrestaurant_ext_is_fadeout_animation&quot;:&quot;false&quot;,&quot;grandrestaurant_ext_mobile_static&quot;:&quot;false&quot;}\" data-widget_type=\"heading.default\">\n\t\t\t\t<div class=\"elementor-widget-container\">\n\t\t\t<style>\/*! elementor - v3.7.8 - 02-10-2022 *\/\n.elementor-heading-title{padding:0;margin:0;line-height:1}.elementor-widget-heading .elementor-heading-title[class*=elementor-size-]>a{color:inherit;font-size:inherit;line-height:inherit}.elementor-widget-heading .elementor-heading-title.elementor-size-small{font-size:15px}.elementor-widget-heading .elementor-heading-title.elementor-size-medium{font-size:19px}.elementor-widget-heading .elementor-heading-title.elementor-size-large{font-size:29px}.elementor-widget-heading .elementor-heading-title.elementor-size-xl{font-size:39px}.elementor-widget-heading .elementor-heading-title.elementor-size-xxl{font-size:59px}<\/style><h2 class=\"elementor-heading-title elementor-size-default\">\u041e\u0441\u043d\u043e\u0432\u043d\u043e\u0435 \u0431\u043b\u044e\u0434\u043e<\/h2>\t\t<\/div>\n\t\t\t\t<\/div>\n\t\t\t\t<div class=\"elementor-element elementor-element-41df81fb elementor-widget elementor-widget-grandrestaurant-classic-food-menu\" data-id=\"41df81fb\" data-element_type=\"widget\" data-settings=\"{&quot;grandrestaurant_ext_link_reservation&quot;:&quot;false&quot;,&quot;grandrestaurant_ext_link_sidemenu&quot;:&quot;false&quot;,&quot;grandrestaurant_ext_link_fullmenu&quot;:&quot;false&quot;,&quot;grandrestaurant_ext_link_closed_fullmenu&quot;:&quot;false&quot;,&quot;grandrestaurant_ext_is_scrollme&quot;:&quot;false&quot;,&quot;grandrestaurant_ext_is_smoove&quot;:&quot;false&quot;,&quot;grandrestaurant_ext_is_parallax_mouse&quot;:&quot;false&quot;,&quot;grandrestaurant_ext_is_infinite&quot;:&quot;false&quot;,&quot;grandrestaurant_ext_is_fadeout_animation&quot;:&quot;false&quot;,&quot;grandrestaurant_ext_mobile_static&quot;:&quot;false&quot;}\" data-widget_type=\"grandrestaurant-classic-food-menu.default\">\n\t\t\t\t<div class=\"elementor-widget-container\">\n\t\t\t<div  class=\"one\" style=\"padding:0px 0 0px 0;\" ><div class=\"standard_wrapper\"><div class=\"page_content_wrapper\"><div class=\"inner\"><div class=\"one\">\n\t\t\t    <div id=\"menu_10008\" class=\"menu_content_classic\"><h5 class=\"menu_post\">\n\t\t        \t<span class=\"menu_title\">\u0421\u0442\u0435\u0439\u043a \u043d\u0430 \u0442\u044b\u043a\u0432\u0435\u043d\u043d\u043e\u043c \u043a\u0440\u0435\u043c\u0435 \u0441 \u0430\u0440\u043e\u043c\u0430\u0442\u043d\u044b\u043c \u043c\u043e\u043b\u043e\u0434\u044b\u043c \u043a\u0430\u0440\u0442\u043e\u0444\u0435\u043b\u0435\u043c \u0438 \u043a\u0438\u0441\u043b\u043e-\u0441\u043b\u0430\u0434\u043a\u0438\u043c \u043a\u0440\u0430\u0441\u043d\u044b\u043c \u043b\u0443\u043a\u043e\u043c 300\u0433<\/span>\n\t\t        \t<span class=\"menu_dots\"><\/span><span class=\"menu_price\">32.0\u20ac<\/span><\/h5>\n\t\t        <div class=\"post_detail menu_excerpt\">\u0421\u0442\u0435\u0439\u043a \u043d\u0430 \u0442\u044b\u043a\u0432\u0435\u043d\u043d\u043e\u043c \u043a\u0440\u0435\u043c\u0435 \u0441 \u0430\u0440\u043e\u043c\u0430\u0442\u043d\u044b\u043c \u043c\u043e\u043b\u043e\u0434\u044b\u043c \u043a\u0430\u0440\u0442\u043e\u0444\u0435\u043b\u0435\u043c \u0438 \u043a\u0438\u0441\u043b\u043e-\u0441\u043b\u0430\u0434\u043a\u0438\u043c \u043a\u0440\u0430\u0441\u043d\u044b\u043c \u043b\u0443\u043a\u043e\u043c 300\u0433<\/div><\/div><\/div><div class=\"one\">\n\t\t\t    <div id=\"menu_10010\" class=\"menu_content_classic\"><h5 class=\"menu_post\">\n\t\t        \t<span class=\"menu_title\">\u0421\u0432\u0438\u043d\u043e\u0435 \u0444\u0438\u043b\u0435 \u0432 \u0431\u0435\u043b\u043e\u043c \u0431\u0435\u043a\u043e\u043d\u0435 \u0441 \u043b\u0443\u043a\u043e\u0432\u044b\u043c \u043f\u044e\u0440\u0435 \u0438 \u0430\u0440\u043e\u043c\u0430\u0442\u043d\u044b\u043c \u043c\u043e\u043b\u043e\u0434\u044b\u043c \u043a\u0430\u0440\u0442\u043e\u0444\u0435\u043b\u0435\u043c 300\u0433<\/span>\n\t\t        \t<span class=\"menu_dots\"><\/span><span class=\"menu_price\">18.5\u20ac<\/span><\/h5>\n\t\t        <div class=\"post_detail menu_excerpt\">\u0421\u0432\u0438\u043d\u043e\u0435 \u0444\u0438\u043b\u0435 \u0432 \u0431\u0435\u043b\u043e\u043c \u0431\u0435\u043a\u043e\u043d\u0435 \u0441 \u043b\u0443\u043a\u043e\u0432\u044b\u043c \u043f\u044e\u0440\u0435 \u0438 \u0430\u0440\u043e\u043c\u0430\u0442\u043d\u044b\u043c \u043c\u043e\u043b\u043e\u0434\u044b\u043c \u043a\u0430\u0440\u0442\u043e\u0444\u0435\u043b\u0435\u043c 300\u0433<\/div><\/div><\/div><div class=\"one\">\n\t\t\t    <div id=\"menu_10216\" class=\"menu_content_classic\"><h5 class=\"menu_post\">\n\t\t        \t<span class=\"menu_title\">\u041a\u0443\u0440\u0438\u0446\u0430 \u0437\u0430\u043f\u0435\u0447\u0435\u043d\u043d\u0430\u044f \u0441 \u0441\u044b\u0440\u043e\u043c, \u043f\u043e\u043c\u0438\u0434\u043e\u0440\u0430\u043c\u0438 \u0438 \u043f\u0430\u0440\u043c\u0435\u0437\u0430\u043d\u043e\u043c \u043d\u0430 \u043c\u0438\u043a\u0441-\u0441\u0430\u043b\u0430\u0442\u0435 300\u0433<\/span>\n\t\t        \t<span class=\"menu_dots\"><\/span><span class=\"menu_price\">15.5\u20ac<\/span><\/h5>\n\t\t        <div class=\"post_detail menu_excerpt\">\u041a\u0443\u0440\u0438\u0446\u0430 \u0437\u0430\u043f\u0435\u0447\u0435\u043d\u043d\u0430\u044f \u0441 \u0441\u044b\u0440\u043e\u043c, \u043f\u043e\u043c\u0438\u0434\u043e\u0440\u0430\u043c\u0438 \u0438 \u043f\u0430\u0440\u043c\u0435\u0437\u0430\u043d\u043e\u043c \u043d\u0430 \u043c\u0438\u043a\u0441-\u0441\u0430\u043b\u0430\u0442\u0435 300\u0433<\/div><\/div><\/div><div class=\"one\">\n\t\t\t    <div id=\"menu_10346\" class=\"menu_content_classic\"><h5 class=\"menu_post\">\n\t\t        \t<span class=\"menu_title\">Tele\u0107i file sa bebi krompirom i rukolom 100gr<\/span>\n\t\t        \t<span class=\"menu_dots\"><\/span><span class=\"menu_price\">11.0\u20ac<\/span><\/h5>\n\t\t        <div class=\"post_detail menu_excerpt\"><\/div><\/div><\/div><div class=\"one\">\n\t\t\t    <div id=\"menu_10009\" class=\"menu_content_classic\"><h5 class=\"menu_post\">\n\t\t        \t<span class=\"menu_title\">\u041e\u043b\u0430\u0434\u044c\u0438 Podgorica \u0441\u043e \u0441\u043b\u0438\u0432\u043e\u0447\u043d\u043e\u0439 \u043f\u0435\u043d\u043a\u043e\u0439, \u043e\u0431\u0435\u0437\u0432\u043e\u0436\u0435\u043d\u043d\u043e\u0439 \u043f\u0440\u043e\u0448\u0443\u0442\u0442\u043e \u0438 \u043a\u0440\u043e\u043a\u0435\u0442\u0430\u043c\u0438 \u043a\u0430\u0447\u0430\u043c\u0430\u043a 300\u0433<\/span>\n\t\t        \t<span class=\"menu_dots\"><\/span><span class=\"menu_price\">19.0\u20ac<\/span><\/h5>\n\t\t        <div class=\"post_detail menu_excerpt\">\u041e\u043b\u0430\u0434\u044c\u0438 Podgorica \u0441\u043e \u0441\u043b\u0438\u0432\u043e\u0447\u043d\u043e\u0439 \u043f\u0435\u043d\u043a\u043e\u0439, \u043e\u0431\u0435\u0437\u0432\u043e\u0436\u0435\u043d\u043d\u043e\u0439 \u043f\u0440\u043e\u0448\u0443\u0442\u0442\u043e \u0438 \u043a\u0440\u043e\u043a\u0435\u0442\u0430\u043c\u0438 \u043a\u0430\u0447\u0430\u043c\u0430\u043a 300\u0433<\/div><\/div><\/div><div class=\"one\">\n\t\t\t    <div id=\"menu_10006\" class=\"menu_content_classic\"><h5 class=\"menu_post\">\n\t\t        \t<span class=\"menu_title\">Japraci 300g - \u0433\u043e\u043b\u0443\u0431\u0446\u044b \u0432 \u0432\u0438\u043d\u043e\u0433\u0440\u0430\u0434\u043d\u043e\u043c \u043b\u0438\u0441\u0442\u0435<\/span>\n\t\t        \t<span class=\"menu_dots\"><\/span><span class=\"menu_price\">10.0\u20ac<\/span><\/h5>\n\t\t        <div class=\"post_detail menu_excerpt\">Japraci 300g - \u0433\u043e\u043b\u0443\u0431\u0446\u044b \u0432 \u0432\u0438\u043d\u043e\u0433\u0440\u0430\u0434\u043d\u043e\u043c \u043b\u0438\u0441\u0442\u0435<\/div><\/div><\/div><br class=\"clear\"\/><\/div><\/div><\/div><\/div><br class=\"clear\"\/>\t\t<\/div>\n\t\t\t\t<\/div>\n\t\t\t\t\t<\/div>\n\t\t<\/div>\n\t\t\t\t\t\t\t<\/div>\n\t\t<\/section>\n\t\t\t\t\t<\/div>\n\t\t<\/div>\n\t\t\t\t<div class=\"elementor-column elementor-col-50 elementor-top-column elementor-element elementor-element-d81ad61 elementor-hidden-mobile\" data-id=\"d81ad61\" data-element_type=\"column\" data-settings=\"{&quot;grandrestaurant_ext_link_reservation&quot;:&quot;false&quot;,&quot;grandrestaurant_ext_link_sidemenu&quot;:&quot;false&quot;,&quot;grandrestaurant_ext_link_fullmenu&quot;:&quot;false&quot;,&quot;grandrestaurant_ext_link_closed_fullmenu&quot;:&quot;false&quot;,&quot;grandrestaurant_ext_is_scrollme&quot;:&quot;false&quot;,&quot;grandrestaurant_ext_is_parallax_mouse&quot;:&quot;false&quot;,&quot;grandrestaurant_ext_is_infinite&quot;:&quot;false&quot;,&quot;grandrestaurant_ext_is_fadeout_animation&quot;:&quot;false&quot;,&quot;grandrestaurant_ext_mobile_static&quot;:&quot;false&quot;}\">\n\t\t\t<div class=\"elementor-widget-wrap\">\n\t\t\t\t\t\t\t\t\t<\/div>\n\t\t<\/div>\n\t\t\t\t\t\t\t<\/div>\n\t\t<\/section>\n\t\t\t\t\t\t\t<\/div>","protected":false},"excerpt":{"rendered":"<p>Glavna jela Mlada jagnjetina sa ra\u017enja 1kg 32.0eur Mlada jagnjetina sa ra\u017enja 1kg Vagan kotli\u0107 300g 11.0eur Vagan kotli\u0107 300g Pa\u010dija prsa sa sezonskim prilozima 300g 20.0eur Pa\u010dija prsa sa sezonskim prilozima 300g Pile\u0107i file 300g 10.5eur Pile\u0107i file 300g [&hellip;]<\/p>","protected":false},"author":1,"featured_media":0,"parent":0,"menu_order":0,"comment_status":"closed","ping_status":"closed","template":"","meta":{"footnotes":""},"class_list":["post-5577","page","type-page","status-publish","hentry"],"_links":{"self":[{"href":"https:\/\/www.vaganrestaurant.me\/ru\/wp-json\/wp\/v2\/pages\/5577","targetHints":{"allow":["GET"]}}],"collection":[{"href":"https:\/\/www.vaganrestaurant.me\/ru\/wp-json\/wp\/v2\/pages"}],"about":[{"href":"https:\/\/www.vaganrestaurant.me\/ru\/wp-json\/wp\/v2\/types\/page"}],"author":[{"embeddable":true,"href":"https:\/\/www.vaganrestaurant.me\/ru\/wp-json\/wp\/v2\/users\/1"}],"replies":[{"embeddable":true,"href":"https:\/\/www.vaganrestaurant.me\/ru\/wp-json\/wp\/v2\/comments?post=5577"}],"version-history":[{"count":0,"href":"https:\/\/www.vaganrestaurant.me\/ru\/wp-json\/wp\/v2\/pages\/5577\/revisions"}],"wp:attachment":[{"href":"https:\/\/www.vaganrestaurant.me\/ru\/wp-json\/wp\/v2\/media?parent=5577"}],"curies":[{"name":"wp","href":"https:\/\/api.w.org\/{rel}","templated":true}]}}